{"id":783,"date":"2022-03-17T12:47:54","date_gmt":"2022-03-17T16:47:54","guid":{"rendered":"http:\/\/zcbdmgx.cluster051.hosting.ovh.net\/about-us\/"},"modified":"2025-11-13T17:01:25","modified_gmt":"2025-11-13T21:01:25","slug":"about-us","status":"publish","type":"page","link":"https:\/\/www.muse.ca\/fr\/about-us\/","title":{"rendered":"\u00c0 PROPOS"},"content":{"rendered":"<p>Muse est un producteur prolifique de s\u00e9ries et de s\u00e9ries limit\u00e9es avec une narration \u00e9lev\u00e9e et inclusive, dont les projets ont recueilli une large reconnaissance du public ainsi que des \u00e9loges de la critique. Son savoir-faire en mati\u00e8re de production et de cr\u00e9ation ainsi que son vaste r\u00e9seau ont fait de Muse l\u2019une des plus grandes soci\u00e9t\u00e9s de production ind\u00e9pendantes au Canada.<\/p>\n<p>Muse Entertainment d\u00e9veloppe et produit du contenu de s\u00e9ries et de films haut de gamme dans un large \u00e9ventail de genres et de tons, mais le fil conducteur de nos projets est qu&rsquo;ils sont divertissants, \u00e9lev\u00e9s, pertinents sur le plan social, diversifi\u00e9s et inclusifs. L&rsquo;entreprise est fondamentalement optimiste dans ses perspectives ; du drame haut de gamme \u00e0 la romance \u00e9pique, du crime vrai au myst\u00e8re, de la com\u00e9die familiale \u00e0 l&rsquo;aventure en co-visionnage, des thrillers tordus aux proc\u00e9dures passionnantes &#8211; nous sommes attir\u00e9s par des histoires ax\u00e9es sur les personnages qui partagent de nouvelles perspectives et sont des histoires inspirantes, convaincantes et internationales. . \u00c0 tous les niveaux, nous nous effor\u00e7ons de refl\u00e9ter ce qu\u2019il y a d\u2019espoir et d\u2019h\u00e9ro\u00efque dans l\u2019humanit\u00e9.<\/p>\n<p>Bas\u00e9e \u00e0 Montr\u00e9al, au Qu\u00e9bec, Muse Entertainment poss\u00e8de des op\u00e9rations de d\u00e9veloppement et de production \u00e0 Toronto, Vancouver et Los Angeles. L&rsquo;entreprise a f\u00eat\u00e9 ses 25 ans anniversaire en mai 2023.<\/p>\n<p>&nbsp;<\/p>\n<p>Responsable de la protection des renseignements personnels dans le secteur priv\u00e9 : pr\u00e9sident et chef de la direction. Coordonn\u00e9es : <a href=\"mailto:privacy@muse.ca\">privacy@muse.ca<\/a><\/p>\n","protected":false},"excerpt":{"rendered":"<p>Muse est un producteur prolifique de s\u00e9ries et de s\u00e9ries limit\u00e9es avec une narration \u00e9lev\u00e9e et inclusive, dont les projets ont recueilli une large reconnaissance du public ainsi que des \u00e9loges de la critique. Son savoir-faire en mati\u00e8re de production et de cr\u00e9ation ainsi que son vaste r\u00e9seau ont fait de Muse l\u2019une des plus [&hellip;]<\/p>\n","protected":false},"author":1,"featured_media":0,"parent":0,"menu_order":0,"comment_status":"closed","ping_status":"closed","template":"template-about.php","meta":{"footnotes":""},"class_list":["post-783","page","type-page","status-publish","hentry"],"yoast_head":"<!-- This site is optimized with the Yoast SEO plugin v27.5 - https:\/\/yoast.com\/product\/yoast-seo-wordpress\/ -->\n<title>\u00c0 PROPOS Divertissement Muse<\/title>\n<meta name=\"description\" content=\"Muse Entertainment est l&#039;une des soci\u00e9t\u00e9s de production et de distribution de films les plus exp\u00e9riment\u00e9es au Canada\" \/>\n<meta name=\"robots\" content=\"index, follow, max-snippet:-1, max-image-preview:large, max-video-preview:-1\" \/>\n<link rel=\"canonical\" href=\"https:\/\/www.muse.ca\/fr\/about-us\/\" \/>\n<meta property=\"og:locale\" content=\"fr_FR\" \/>\n<meta property=\"og:type\" content=\"article\" \/>\n<meta property=\"og:title\" content=\"\u00c0 PROPOS Divertissement Muse\" \/>\n<meta property=\"og:description\" content=\"Muse Entertainment est l&#039;une des soci\u00e9t\u00e9s de production et de distribution de films les plus exp\u00e9riment\u00e9es au Canada\" \/>\n<meta property=\"og:url\" content=\"https:\/\/www.muse.ca\/fr\/about-us\/\" \/>\n<meta property=\"og:site_name\" content=\"Muse Entertainment Enterprises, Inc.\" \/>\n<meta property=\"article:publisher\" content=\"https:\/\/www.facebook.com\/museent\" \/>\n<meta property=\"article:modified_time\" content=\"2025-11-13T21:01:25+00:00\" \/>\n<meta name=\"twitter:card\" content=\"summary_large_image\" \/>\n<meta name=\"twitter:site\" content=\"@MuseEntertains\" \/>\n<meta name=\"twitter:label1\" content=\"Dur\u00e9e de lecture estim\u00e9e\" \/>\n\t<meta name=\"twitter:data1\" content=\"2 minutes\" \/>\n<script type=\"application\/ld+json\" class=\"yoast-schema-graph\">{\"@context\":\"https:\\\/\\\/schema.org\",\"@graph\":[{\"@type\":\"WebPage\",\"@id\":\"https:\\\/\\\/www.muse.ca\\\/fr\\\/about-us\\\/\",\"url\":\"https:\\\/\\\/www.muse.ca\\\/fr\\\/about-us\\\/\",\"name\":\"\u00c0 PROPOS Divertissement Muse\",\"isPartOf\":{\"@id\":\"https:\\\/\\\/www.muse.ca\\\/fr\\\/#website\"},\"datePublished\":\"2022-03-17T16:47:54+00:00\",\"dateModified\":\"2025-11-13T21:01:25+00:00\",\"description\":\"Muse Entertainment est l'une des soci\u00e9t\u00e9s de production et de distribution de films les plus exp\u00e9riment\u00e9es au Canada\",\"breadcrumb\":{\"@id\":\"https:\\\/\\\/www.muse.ca\\\/fr\\\/about-us\\\/#breadcrumb\"},\"inLanguage\":\"fr-FR\",\"potentialAction\":[{\"@type\":\"ReadAction\",\"target\":[\"https:\\\/\\\/www.muse.ca\\\/fr\\\/about-us\\\/\"]}]},{\"@type\":\"BreadcrumbList\",\"@id\":\"https:\\\/\\\/www.muse.ca\\\/fr\\\/about-us\\\/#breadcrumb\",\"itemListElement\":[{\"@type\":\"ListItem\",\"position\":1,\"name\":\"Home\",\"item\":\"https:\\\/\\\/www.muse.ca\\\/fr\\\/home\\\/\"},{\"@type\":\"ListItem\",\"position\":2,\"name\":\"\u00c0 PROPOS\"}]},{\"@type\":\"WebSite\",\"@id\":\"https:\\\/\\\/www.muse.ca\\\/fr\\\/#website\",\"url\":\"https:\\\/\\\/www.muse.ca\\\/fr\\\/\",\"name\":\"Muse Entertainment Enterprises, Inc.\",\"description\":\"Muse\",\"publisher\":{\"@id\":\"https:\\\/\\\/www.muse.ca\\\/fr\\\/#organization\"},\"potentialAction\":[{\"@type\":\"SearchAction\",\"target\":{\"@type\":\"EntryPoint\",\"urlTemplate\":\"https:\\\/\\\/www.muse.ca\\\/fr\\\/?s={search_term_string}\"},\"query-input\":{\"@type\":\"PropertyValueSpecification\",\"valueRequired\":true,\"valueName\":\"search_term_string\"}}],\"inLanguage\":\"fr-FR\"},{\"@type\":\"Organization\",\"@id\":\"https:\\\/\\\/www.muse.ca\\\/fr\\\/#organization\",\"name\":\"Muse Entertainment Enterprises, Inc.\",\"url\":\"https:\\\/\\\/www.muse.ca\\\/fr\\\/\",\"logo\":{\"@type\":\"ImageObject\",\"inLanguage\":\"fr-FR\",\"@id\":\"https:\\\/\\\/www.muse.ca\\\/fr\\\/#\\\/schema\\\/logo\\\/image\\\/\",\"url\":\"https:\\\/\\\/www.muse.ca\\\/wp-content\\\/uploads\\\/2022\\\/09\\\/Muse-favicon-512x512-1.png\",\"contentUrl\":\"https:\\\/\\\/www.muse.ca\\\/wp-content\\\/uploads\\\/2022\\\/09\\\/Muse-favicon-512x512-1.png\",\"width\":512,\"height\":512,\"caption\":\"Muse Entertainment Enterprises, Inc.\"},\"image\":{\"@id\":\"https:\\\/\\\/www.muse.ca\\\/fr\\\/#\\\/schema\\\/logo\\\/image\\\/\"},\"sameAs\":[\"https:\\\/\\\/www.facebook.com\\\/museent\",\"https:\\\/\\\/x.com\\\/MuseEntertains\",\"https:\\\/\\\/www.youtube.com\\\/user\\\/MuseTrailers\",\"https:\\\/\\\/www.instagram.com\\\/muse_entertainment\\\/\"]}]}<\/script>\n<!-- \/ Yoast SEO plugin. -->","yoast_head_json":{"title":"\u00c0 PROPOS Divertissement Muse","description":"Muse Entertainment est l'une des soci\u00e9t\u00e9s de production et de distribution de films les plus exp\u00e9riment\u00e9es au Canada","robots":{"index":"index","follow":"follow","max-snippet":"max-snippet:-1","max-image-preview":"max-image-preview:large","max-video-preview":"max-video-preview:-1"},"canonical":"https:\/\/www.muse.ca\/fr\/about-us\/","og_locale":"fr_FR","og_type":"article","og_title":"\u00c0 PROPOS Divertissement Muse","og_description":"Muse Entertainment est l'une des soci\u00e9t\u00e9s de production et de distribution de films les plus exp\u00e9riment\u00e9es au Canada","og_url":"https:\/\/www.muse.ca\/fr\/about-us\/","og_site_name":"Muse Entertainment Enterprises, Inc.","article_publisher":"https:\/\/www.facebook.com\/museent","article_modified_time":"2025-11-13T21:01:25+00:00","twitter_card":"summary_large_image","twitter_site":"@MuseEntertains","twitter_misc":{"Dur\u00e9e de lecture estim\u00e9e":"2 minutes"},"schema":{"@context":"https:\/\/schema.org","@graph":[{"@type":"WebPage","@id":"https:\/\/www.muse.ca\/fr\/about-us\/","url":"https:\/\/www.muse.ca\/fr\/about-us\/","name":"\u00c0 PROPOS Divertissement Muse","isPartOf":{"@id":"https:\/\/www.muse.ca\/fr\/#website"},"datePublished":"2022-03-17T16:47:54+00:00","dateModified":"2025-11-13T21:01:25+00:00","description":"Muse Entertainment est l'une des soci\u00e9t\u00e9s de production et de distribution de films les plus exp\u00e9riment\u00e9es au Canada","breadcrumb":{"@id":"https:\/\/www.muse.ca\/fr\/about-us\/#breadcrumb"},"inLanguage":"fr-FR","potentialAction":[{"@type":"ReadAction","target":["https:\/\/www.muse.ca\/fr\/about-us\/"]}]},{"@type":"BreadcrumbList","@id":"https:\/\/www.muse.ca\/fr\/about-us\/#breadcrumb","itemListElement":[{"@type":"ListItem","position":1,"name":"Home","item":"https:\/\/www.muse.ca\/fr\/home\/"},{"@type":"ListItem","position":2,"name":"\u00c0 PROPOS"}]},{"@type":"WebSite","@id":"https:\/\/www.muse.ca\/fr\/#website","url":"https:\/\/www.muse.ca\/fr\/","name":"Muse Entertainment Enterprises, Inc.","description":"Muse","publisher":{"@id":"https:\/\/www.muse.ca\/fr\/#organization"},"potentialAction":[{"@type":"SearchAction","target":{"@type":"EntryPoint","urlTemplate":"https:\/\/www.muse.ca\/fr\/?s={search_term_string}"},"query-input":{"@type":"PropertyValueSpecification","valueRequired":true,"valueName":"search_term_string"}}],"inLanguage":"fr-FR"},{"@type":"Organization","@id":"https:\/\/www.muse.ca\/fr\/#organization","name":"Muse Entertainment Enterprises, Inc.","url":"https:\/\/www.muse.ca\/fr\/","logo":{"@type":"ImageObject","inLanguage":"fr-FR","@id":"https:\/\/www.muse.ca\/fr\/#\/schema\/logo\/image\/","url":"https:\/\/www.muse.ca\/wp-content\/uploads\/2022\/09\/Muse-favicon-512x512-1.png","contentUrl":"https:\/\/www.muse.ca\/wp-content\/uploads\/2022\/09\/Muse-favicon-512x512-1.png","width":512,"height":512,"caption":"Muse Entertainment Enterprises, Inc."},"image":{"@id":"https:\/\/www.muse.ca\/fr\/#\/schema\/logo\/image\/"},"sameAs":["https:\/\/www.facebook.com\/museent","https:\/\/x.com\/MuseEntertains","https:\/\/www.youtube.com\/user\/MuseTrailers","https:\/\/www.instagram.com\/muse_entertainment\/"]}]}},"_links":{"self":[{"href":"https:\/\/www.muse.ca\/fr\/wp-json\/wp\/v2\/pages\/783","targetHints":{"allow":["GET"]}}],"collection":[{"href":"https:\/\/www.muse.ca\/fr\/wp-json\/wp\/v2\/pages"}],"about":[{"href":"https:\/\/www.muse.ca\/fr\/wp-json\/wp\/v2\/types\/page"}],"author":[{"embeddable":true,"href":"https:\/\/www.muse.ca\/fr\/wp-json\/wp\/v2\/users\/1"}],"replies":[{"embeddable":true,"href":"https:\/\/www.muse.ca\/fr\/wp-json\/wp\/v2\/comments?post=783"}],"version-history":[{"count":28,"href":"https:\/\/www.muse.ca\/fr\/wp-json\/wp\/v2\/pages\/783\/revisions"}],"predecessor-version":[{"id":2614,"href":"https:\/\/www.muse.ca\/fr\/wp-json\/wp\/v2\/pages\/783\/revisions\/2614"}],"wp:attachment":[{"href":"https:\/\/www.muse.ca\/fr\/wp-json\/wp\/v2\/media?parent=783"}],"curies":[{"name":"wp","href":"https:\/\/api.w.org\/{rel}","templated":true}]}}