{"id":798,"date":"2022-03-17T12:48:08","date_gmt":"2022-03-17T16:48:08","guid":{"rendered":"http:\/\/zcbdmgx.cluster051.hosting.ovh.net\/distribution\/"},"modified":"2025-12-02T17:51:21","modified_gmt":"2025-12-02T21:51:21","slug":"distribution","status":"publish","type":"page","link":"https:\/\/www.muse.ca\/fr\/distribution\/","title":{"rendered":"R\u00e9pertoire"},"content":{"rendered":"","protected":false},"excerpt":{"rendered":"","protected":false},"author":1,"featured_media":0,"parent":0,"menu_order":0,"comment_status":"closed","ping_status":"closed","template":"template-distribution.php","meta":{"footnotes":""},"class_list":["post-798","page","type-page","status-publish","hentry"],"yoast_head":"<!-- This site is optimized with the Yoast SEO plugin v27.2 - https:\/\/yoast.com\/product\/yoast-seo-wordpress\/ -->\n<title>Meilleure soci\u00e9t\u00e9 de distribution de films chez Muse Entertainment<\/title>\n<meta name=\"description\" content=\"Soci\u00e9t\u00e9 de distribution de films Muse Distribute International Ventes compl\u00e8tes, marketing et services administratifs aux producteurs de films ind\u00e9pendants\" \/>\n<meta name=\"robots\" content=\"index, follow, max-snippet:-1, max-image-preview:large, max-video-preview:-1\" \/>\n<link rel=\"canonical\" href=\"https:\/\/www.muse.ca\/fr\/distribution\/\" \/>\n<meta property=\"og:locale\" content=\"fr_FR\" \/>\n<meta property=\"og:type\" content=\"article\" \/>\n<meta property=\"og:title\" content=\"Meilleure soci\u00e9t\u00e9 de distribution de films chez Muse Entertainment\" \/>\n<meta property=\"og:description\" content=\"Soci\u00e9t\u00e9 de distribution de films Muse Distribute International Ventes compl\u00e8tes, marketing et services administratifs aux producteurs de films ind\u00e9pendants\" \/>\n<meta property=\"og:url\" content=\"https:\/\/www.muse.ca\/fr\/distribution\/\" \/>\n<meta property=\"og:site_name\" content=\"Muse Entertainment Enterprises, Inc.\" \/>\n<meta property=\"article:publisher\" content=\"https:\/\/www.facebook.com\/museent\" \/>\n<meta property=\"article:modified_time\" content=\"2025-12-02T21:51:21+00:00\" \/>\n<meta name=\"twitter:card\" content=\"summary_large_image\" \/>\n<meta name=\"twitter:site\" content=\"@MuseEntertains\" \/>\n<script type=\"application\/ld+json\" class=\"yoast-schema-graph\">{\"@context\":\"https:\/\/schema.org\",\"@graph\":[{\"@type\":\"WebPage\",\"@id\":\"https:\/\/www.muse.ca\/fr\/distribution\/\",\"url\":\"https:\/\/www.muse.ca\/fr\/distribution\/\",\"name\":\"Meilleure soci\u00e9t\u00e9 de distribution de films chez Muse Entertainment\",\"isPartOf\":{\"@id\":\"https:\/\/www.muse.ca\/fr\/#website\"},\"datePublished\":\"2022-03-17T16:48:08+00:00\",\"dateModified\":\"2025-12-02T21:51:21+00:00\",\"description\":\"Soci\u00e9t\u00e9 de distribution de films Muse Distribute International Ventes compl\u00e8tes, marketing et services administratifs aux producteurs de films ind\u00e9pendants\",\"breadcrumb\":{\"@id\":\"https:\/\/www.muse.ca\/fr\/distribution\/#breadcrumb\"},\"inLanguage\":\"fr-FR\",\"potentialAction\":[{\"@type\":\"ReadAction\",\"target\":[\"https:\/\/www.muse.ca\/fr\/distribution\/\"]}]},{\"@type\":\"BreadcrumbList\",\"@id\":\"https:\/\/www.muse.ca\/fr\/distribution\/#breadcrumb\",\"itemListElement\":[{\"@type\":\"ListItem\",\"position\":1,\"name\":\"Home\",\"item\":\"https:\/\/www.muse.ca\/fr\/home\/\"},{\"@type\":\"ListItem\",\"position\":2,\"name\":\"R\u00e9pertoire\"}]},{\"@type\":\"WebSite\",\"@id\":\"https:\/\/www.muse.ca\/fr\/#website\",\"url\":\"https:\/\/www.muse.ca\/fr\/\",\"name\":\"Muse Entertainment Enterprises, Inc.\",\"description\":\"Muse\",\"publisher\":{\"@id\":\"https:\/\/www.muse.ca\/fr\/#organization\"},\"potentialAction\":[{\"@type\":\"SearchAction\",\"target\":{\"@type\":\"EntryPoint\",\"urlTemplate\":\"https:\/\/www.muse.ca\/fr\/?s={search_term_string}\"},\"query-input\":{\"@type\":\"PropertyValueSpecification\",\"valueRequired\":true,\"valueName\":\"search_term_string\"}}],\"inLanguage\":\"fr-FR\"},{\"@type\":\"Organization\",\"@id\":\"https:\/\/www.muse.ca\/fr\/#organization\",\"name\":\"Muse Entertainment Enterprises, Inc.\",\"url\":\"https:\/\/www.muse.ca\/fr\/\",\"logo\":{\"@type\":\"ImageObject\",\"inLanguage\":\"fr-FR\",\"@id\":\"https:\/\/www.muse.ca\/fr\/#\/schema\/logo\/image\/\",\"url\":\"https:\/\/www.muse.ca\/wp-content\/uploads\/2022\/09\/Muse-favicon-512x512-1.png\",\"contentUrl\":\"https:\/\/www.muse.ca\/wp-content\/uploads\/2022\/09\/Muse-favicon-512x512-1.png\",\"width\":512,\"height\":512,\"caption\":\"Muse Entertainment Enterprises, Inc.\"},\"image\":{\"@id\":\"https:\/\/www.muse.ca\/fr\/#\/schema\/logo\/image\/\"},\"sameAs\":[\"https:\/\/www.facebook.com\/museent\",\"https:\/\/x.com\/MuseEntertains\",\"https:\/\/www.youtube.com\/user\/MuseTrailers\",\"https:\/\/www.instagram.com\/muse_entertainment\/\"]}]}<\/script>\n<!-- \/ Yoast SEO plugin. -->","yoast_head_json":{"title":"Meilleure soci\u00e9t\u00e9 de distribution de films chez Muse Entertainment","description":"Soci\u00e9t\u00e9 de distribution de films Muse Distribute International Ventes compl\u00e8tes, marketing et services administratifs aux producteurs de films ind\u00e9pendants","robots":{"index":"index","follow":"follow","max-snippet":"max-snippet:-1","max-image-preview":"max-image-preview:large","max-video-preview":"max-video-preview:-1"},"canonical":"https:\/\/www.muse.ca\/fr\/distribution\/","og_locale":"fr_FR","og_type":"article","og_title":"Meilleure soci\u00e9t\u00e9 de distribution de films chez Muse Entertainment","og_description":"Soci\u00e9t\u00e9 de distribution de films Muse Distribute International Ventes compl\u00e8tes, marketing et services administratifs aux producteurs de films ind\u00e9pendants","og_url":"https:\/\/www.muse.ca\/fr\/distribution\/","og_site_name":"Muse Entertainment Enterprises, Inc.","article_publisher":"https:\/\/www.facebook.com\/museent","article_modified_time":"2025-12-02T21:51:21+00:00","twitter_card":"summary_large_image","twitter_site":"@MuseEntertains","schema":{"@context":"https:\/\/schema.org","@graph":[{"@type":"WebPage","@id":"https:\/\/www.muse.ca\/fr\/distribution\/","url":"https:\/\/www.muse.ca\/fr\/distribution\/","name":"Meilleure soci\u00e9t\u00e9 de distribution de films chez Muse Entertainment","isPartOf":{"@id":"https:\/\/www.muse.ca\/fr\/#website"},"datePublished":"2022-03-17T16:48:08+00:00","dateModified":"2025-12-02T21:51:21+00:00","description":"Soci\u00e9t\u00e9 de distribution de films Muse Distribute International Ventes compl\u00e8tes, marketing et services administratifs aux producteurs de films ind\u00e9pendants","breadcrumb":{"@id":"https:\/\/www.muse.ca\/fr\/distribution\/#breadcrumb"},"inLanguage":"fr-FR","potentialAction":[{"@type":"ReadAction","target":["https:\/\/www.muse.ca\/fr\/distribution\/"]}]},{"@type":"BreadcrumbList","@id":"https:\/\/www.muse.ca\/fr\/distribution\/#breadcrumb","itemListElement":[{"@type":"ListItem","position":1,"name":"Home","item":"https:\/\/www.muse.ca\/fr\/home\/"},{"@type":"ListItem","position":2,"name":"R\u00e9pertoire"}]},{"@type":"WebSite","@id":"https:\/\/www.muse.ca\/fr\/#website","url":"https:\/\/www.muse.ca\/fr\/","name":"Muse Entertainment Enterprises, Inc.","description":"Muse","publisher":{"@id":"https:\/\/www.muse.ca\/fr\/#organization"},"potentialAction":[{"@type":"SearchAction","target":{"@type":"EntryPoint","urlTemplate":"https:\/\/www.muse.ca\/fr\/?s={search_term_string}"},"query-input":{"@type":"PropertyValueSpecification","valueRequired":true,"valueName":"search_term_string"}}],"inLanguage":"fr-FR"},{"@type":"Organization","@id":"https:\/\/www.muse.ca\/fr\/#organization","name":"Muse Entertainment Enterprises, Inc.","url":"https:\/\/www.muse.ca\/fr\/","logo":{"@type":"ImageObject","inLanguage":"fr-FR","@id":"https:\/\/www.muse.ca\/fr\/#\/schema\/logo\/image\/","url":"https:\/\/www.muse.ca\/wp-content\/uploads\/2022\/09\/Muse-favicon-512x512-1.png","contentUrl":"https:\/\/www.muse.ca\/wp-content\/uploads\/2022\/09\/Muse-favicon-512x512-1.png","width":512,"height":512,"caption":"Muse Entertainment Enterprises, Inc."},"image":{"@id":"https:\/\/www.muse.ca\/fr\/#\/schema\/logo\/image\/"},"sameAs":["https:\/\/www.facebook.com\/museent","https:\/\/x.com\/MuseEntertains","https:\/\/www.youtube.com\/user\/MuseTrailers","https:\/\/www.instagram.com\/muse_entertainment\/"]}]}},"_links":{"self":[{"href":"https:\/\/www.muse.ca\/fr\/wp-json\/wp\/v2\/pages\/798","targetHints":{"allow":["GET"]}}],"collection":[{"href":"https:\/\/www.muse.ca\/fr\/wp-json\/wp\/v2\/pages"}],"about":[{"href":"https:\/\/www.muse.ca\/fr\/wp-json\/wp\/v2\/types\/page"}],"author":[{"embeddable":true,"href":"https:\/\/www.muse.ca\/fr\/wp-json\/wp\/v2\/users\/1"}],"replies":[{"embeddable":true,"href":"https:\/\/www.muse.ca\/fr\/wp-json\/wp\/v2\/comments?post=798"}],"version-history":[{"count":22,"href":"https:\/\/www.muse.ca\/fr\/wp-json\/wp\/v2\/pages\/798\/revisions"}],"predecessor-version":[{"id":2631,"href":"https:\/\/www.muse.ca\/fr\/wp-json\/wp\/v2\/pages\/798\/revisions\/2631"}],"wp:attachment":[{"href":"https:\/\/www.muse.ca\/fr\/wp-json\/wp\/v2\/media?parent=798"}],"curies":[{"name":"wp","href":"https:\/\/api.w.org\/{rel}","templated":true}]}}